{"id":40,"date":"2026-01-02T08:02:00","date_gmt":"2026-01-02T08:02:00","guid":{"rendered":"https:\/\/femininebeauty.eu\/meist\/"},"modified":"2026-01-03T21:45:15","modified_gmt":"2026-01-03T21:45:15","slug":"meist","status":"publish","type":"page","link":"https:\/\/femininebeauty.eu\/en\/meist\/","title":{"rendered":"Meist"},"content":{"rendered":"<div class=\"wp-block-group alignfull is-style-ext-preset--group--natural-1--section has-background-background-color has-background has-global-padding is-layout-constrained wp-container-core-group-is-layout-6714b1d7 wp-block-group-is-layout-constrained\" id=\"meist\" style=\"margin-top:0;margin-bottom:0;padding-top:var(--wp--preset--spacing--70);padding-bottom:var(--wp--preset--spacing--70)\">\n<div class=\"wp-block-group alignwide is-vertical is-content-justification-center is-layout-flex wp-container-core-group-is-layout-c9ee0c5a wp-block-group-is-layout-flex\">\n<div class=\"wp-block-group has-global-padding is-layout-constrained wp-container-core-group-is-layout-2287c683 wp-block-group-is-layout-constrained\">\n<h2 class=\"wp-block-heading has-text-align-center\">R\u00f5huta naiselikkust ja loomulikku ilu<\/h2>\n\n\n\n<p class=\"has-text-align-center\">Feminine Beauty p\u00fchendub naiselikkuse esilet\u00f5stmisele l\u00e4bi p\u00fcsimeigi ja mini-t\u00e4toveeringute, pakkudes kvaliteetseid ilutooteid, mis toetavad enesekindlust ja loomulikku ilu.<\/p>\n<\/div>\n<\/div>\n\n\n\n<div class=\"wp-block-columns alignwide is-layout-flex wp-container-core-columns-is-layout-28f84493 wp-block-columns-is-layout-flex\">\n<div class=\"wp-block-column is-layout-flow wp-block-column-is-layout-flow\">\n<figure class=\"wp-block-image size-large is-style-ext-preset-image-natural-1-image-1--content-bottom is-style-ext-preset--image--natural-1--image-1--content-bottom is-style-ext-preset--image--natural-1--image-1--content-bottom--2\"><img loading=\"lazy\" decoding=\"async\" width=\"683\" height=\"1024\" src=\"https:\/\/femininebeauty.eu\/wp-content\/uploads\/2026\/01\/IMG_7780-683x1024.jpeg\" alt=\"\" class=\"wp-image-95\" style=\"aspect-ratio:3\/4;object-fit:cover\" srcset=\"https:\/\/femininebeauty.eu\/wp-content\/uploads\/2026\/01\/IMG_7780-683x1024.jpeg 683w, https:\/\/femininebeauty.eu\/wp-content\/uploads\/2026\/01\/IMG_7780-200x300.jpeg 200w, https:\/\/femininebeauty.eu\/wp-content\/uploads\/2026\/01\/IMG_7780-8x12.jpeg 8w, https:\/\/femininebeauty.eu\/wp-content\/uploads\/2026\/01\/IMG_7780-600x900.jpeg 600w, https:\/\/femininebeauty.eu\/wp-content\/uploads\/2026\/01\/IMG_7780.jpeg 736w\" sizes=\"auto, (max-width: 683px) 100vw, 683px\" \/><\/figure>\n<\/div>\n\n\n\n<div class=\"wp-block-column is-layout-flow wp-block-column-is-layout-flow\">\n<figure class=\"wp-block-image size-large is-style-ext-preset-image-natural-1-image-1--content-bottom is-style-ext-preset--image--natural-1--image-1--content-bottom is-style-ext-preset--image--natural-1--image-1--content-bottom--3\"><img loading=\"lazy\" decoding=\"async\" width=\"768\" height=\"1024\" src=\"https:\/\/femininebeauty.eu\/wp-content\/uploads\/2026\/01\/IMG_7787-768x1024.jpeg\" alt=\"\" class=\"wp-image-96\" style=\"aspect-ratio:3\/4;object-fit:cover\" srcset=\"https:\/\/femininebeauty.eu\/wp-content\/uploads\/2026\/01\/IMG_7787-768x1024.jpeg 768w, https:\/\/femininebeauty.eu\/wp-content\/uploads\/2026\/01\/IMG_7787-225x300.jpeg 225w, https:\/\/femininebeauty.eu\/wp-content\/uploads\/2026\/01\/IMG_7787-1152x1536.jpeg 1152w, https:\/\/femininebeauty.eu\/wp-content\/uploads\/2026\/01\/IMG_7787-9x12.jpeg 9w, https:\/\/femininebeauty.eu\/wp-content\/uploads\/2026\/01\/IMG_7787-600x800.jpeg 600w, https:\/\/femininebeauty.eu\/wp-content\/uploads\/2026\/01\/IMG_7787.jpeg 1200w\" sizes=\"auto, (max-width: 768px) 100vw, 768px\" \/><\/figure>\n<\/div>\n\n\n\n<div class=\"wp-block-column is-layout-flow wp-block-column-is-layout-flow\">\n<figure class=\"wp-block-image size-full is-style-ext-preset-image-natural-1-image-1--content-bottom is-style-ext-preset--image--natural-1--image-1--content-bottom is-style-ext-preset--image--natural-1--image-1--content-bottom--4\"><img loading=\"lazy\" decoding=\"async\" width=\"750\" height=\"931\" src=\"https:\/\/femininebeauty.eu\/wp-content\/uploads\/2026\/01\/IMG_7782.jpeg\" alt=\"\" class=\"wp-image-97\" style=\"aspect-ratio:3\/4;object-fit:cover\" srcset=\"https:\/\/femininebeauty.eu\/wp-content\/uploads\/2026\/01\/IMG_7782.jpeg 750w, https:\/\/femininebeauty.eu\/wp-content\/uploads\/2026\/01\/IMG_7782-242x300.jpeg 242w, https:\/\/femininebeauty.eu\/wp-content\/uploads\/2026\/01\/IMG_7782-10x12.jpeg 10w, https:\/\/femininebeauty.eu\/wp-content\/uploads\/2026\/01\/IMG_7782-600x745.jpeg 600w\" sizes=\"auto, (max-width: 750px) 100vw, 750px\" \/><\/figure>\n<\/div>\n<\/div>\n<\/div>\n\n\n\n<div class=\"wp-block-group alignfull is-style-ext-preset--group--natural-1--section has-tertiary-background-color has-background has-global-padding is-layout-constrained wp-container-core-group-is-layout-e955bbaf wp-block-group-is-layout-constrained\" id=\"meeskond\" style=\"margin-top:0;margin-bottom:0;padding-top:var(--wp--preset--spacing--70);padding-bottom:var(--wp--preset--spacing--70)\">\n<div class=\"wp-block-group alignwide is-vertical is-content-justification-center is-layout-flex wp-container-core-group-is-layout-c9ee0c5a wp-block-group-is-layout-flex\">\n<div class=\"wp-block-group has-global-padding is-layout-constrained wp-container-core-group-is-layout-2287c683 wp-block-group-is-layout-constrained\">\n<h2 class=\"wp-block-heading has-text-align-center\">Naiselik ilu, mis s\u00e4rab iga p\u00e4ev<\/h2>\n\n\n\n<p class=\"has-text-align-center\"><strong>Feminine Beauty<\/strong>&nbsp;on ilubr\u00e4nd, mis on loodud soovist tuua esile naiselikkus, loomulik ilu ja enesekindlus. Meie eesm\u00e4rk on pakkuda kvaliteetseid ilulahendusi, mis aitavad igal naisel tunda end hoolitsetud, kauni ja iseendana.<\/p>\n\n\n\n<p>Tegeleme&nbsp;<strong>p\u00fcsimeigi<\/strong>&nbsp;ja&nbsp;<strong>mini-t\u00e4toveeringutega<\/strong>, \u00fchendades esteetika, t\u00e4psuse ja personaalse l\u00e4henemise. Iga teenus on l\u00e4bim\u00f5eldud ning kohandatud vastavalt kliendi n\u00e4ojoontele, soovidele ja individuaalsele stiilile. Meie jaoks on oluline loomulik tulemus, mis t\u00e4iendab, mitte ei varjuta kliendi isikup\u00e4ra.<\/p>\n\n\n\n<p>Lisaks iluteenustele oleme loonud ka&nbsp;<strong>Feminine Beauty e-poe<\/strong>, kust leiab hoolikalt valitud ilutooted. Valikusse kuuluvad tooted, mida kasutame ja soovitame ka oma klientidele \u2013 nii igap\u00e4evaseks hoolduseks kui ka p\u00fcsimeigi j\u00e4relhoolduseks.<\/p>\n\n\n\n<p class=\"has-text-align-center\">Feminine Beauty \u00fchendab professionaalsuse, kvaliteedi ja sooja kliendikogemuse, pakkudes terviklikku iluteekonda nii salongis kui ka veebis.<\/p>\n<\/div>\n<\/div>\n\n\n\n<div class=\"wp-block-columns alignwide is-layout-flex wp-container-core-columns-is-layout-08c01c1c wp-block-columns-is-layout-flex\">\n<div class=\"wp-block-column is-layout-flow wp-block-column-is-layout-flow\"><\/div>\n\n\n\n<div class=\"wp-block-column is-layout-flow wp-block-column-is-layout-flow\"><\/div>\n<\/div>\n<\/div>\n\n\n\n<div class=\"wp-block-group alignfull is-style-ext-preset--group--natural-1--section has-background-background-color has-background has-global-padding is-layout-constrained wp-container-core-group-is-layout-e955bbaf wp-block-group-is-layout-constrained\" style=\"margin-top:0;margin-bottom:0;padding-top:var(--wp--preset--spacing--70);padding-bottom:var(--wp--preset--spacing--70)\">\n<div class=\"wp-block-group alignwide is-vertical is-content-justification-center is-layout-flex wp-container-core-group-is-layout-c9ee0c5a wp-block-group-is-layout-flex\">\n<div class=\"wp-block-group has-global-padding is-layout-constrained wp-container-core-group-is-layout-5e05634a wp-block-group-is-layout-constrained\">\n<h2 class=\"wp-block-heading has-text-align-center\">Naiselik ilu p\u00fcsimeigi ja mini-t\u00e4toveeringutega<\/h2>\n\n\n\n<p class=\"has-text-align-center\">Tutvustame meie teenuste t\u00e4htsust, r\u00f5hutades ilu ja enesekindlust igas detailis.<\/p>\n<\/div>\n<\/div>\n\n\n\n<div class=\"wp-block-columns alignwide is-layout-flex wp-container-core-columns-is-layout-08c01c1c wp-block-columns-is-layout-flex\">\n<div class=\"wp-block-column is-vertically-aligned-stretch is-layout-flow wp-container-core-column-is-layout-f5bb311e wp-block-column-is-layout-flow\">\n<div class=\"wp-block-group is-style-ext-preset--group--natural-1--item-card-1--align-center has-global-padding is-layout-constrained wp-block-group-is-layout-constrained is-style-ext-preset--group--natural-1--item-card-1--align-center--7\">\n<div class=\"wp-block-group is-style-default has-global-padding is-layout-constrained wp-block-group-is-layout-constrained\">\n<h3 class=\"wp-block-heading has-primary-color has-text-color has-link-color has-x-large-font-size wp-elements-85b47833bc0745af6b668626a0b1d924\">950<\/h3>\n\n\n\n<h3 class=\"wp-block-heading\">P\u00fcsimeigi protseduuri tunde<\/h3>\n\n\n\n<p>Pakume kvaliteetseid iluteenuseid, mis toovad esile teie loomuliku ilu.<\/p>\n<\/div>\n<\/div>\n<\/div>\n\n\n\n<div class=\"wp-block-column is-vertically-aligned-stretch is-layout-flow wp-container-core-column-is-layout-f5bb311e wp-block-column-is-layout-flow\">\n<div class=\"wp-block-group is-style-ext-preset--group--natural-1--item-card-1--align-center has-global-padding is-layout-constrained wp-block-group-is-layout-constrained is-style-ext-preset--group--natural-1--item-card-1--align-center--8\">\n<div class=\"wp-block-group is-style-default has-global-padding is-layout-constrained wp-block-group-is-layout-constrained\">\n<h3 class=\"wp-block-heading has-primary-color has-text-color has-link-color has-x-large-font-size wp-elements-616046c4b8180521c062d3809ed7cdd8\">100<\/h3>\n\n\n\n<h3 class=\"wp-block-heading\">Mini-t\u00e4toveeringute protsent<\/h3>\n\n\n\n<p>Klientide rahulolu on meie prioriteet, mida n\u00e4itavad positiivsed tagasisided.<\/p>\n<\/div>\n<\/div>\n<\/div>\n\n\n\n<div class=\"wp-block-column is-vertically-aligned-stretch is-layout-flow wp-container-core-column-is-layout-f5bb311e wp-block-column-is-layout-flow\">\n<div class=\"wp-block-group is-style-ext-preset--group--natural-1--item-card-1--align-center has-global-padding is-layout-constrained wp-block-group-is-layout-constrained is-style-ext-preset--group--natural-1--item-card-1--align-center--9\">\n<div class=\"wp-block-group is-style-default has-global-padding is-layout-constrained wp-block-group-is-layout-constrained\">\n<h3 class=\"wp-block-heading has-primary-color has-text-color has-link-color has-x-large-font-size wp-elements-616046c4b8180521c062d3809ed7cdd8\">100<\/h3>\n\n\n\n<h3 class=\"wp-block-heading\">Ilutoodete valik<\/h3>\n\n\n\n<p>Meie tooted ja teenused aitavad t\u00f5sta enesekindlust ja r\u00f5hutada naiselikkust.<\/p>\n<\/div>\n<\/div>\n<\/div>\n<\/div>\n<\/div>","protected":false},"excerpt":{"rendered":"<p>R\u00f5huta naiselikkust ja loomulikku ilu Feminine Beauty p\u00fchendub naiselikkuse esilet\u00f5stmisele l\u00e4bi p\u00fcsimeigi ja mini-t\u00e4toveeringute, pakkudes kvaliteetseid ilutooteid, mis toetavad enesekindlust ja loomulikku ilu. Naiselik ilu, mis s\u00e4rab iga p\u00e4ev Feminine Beauty&nbsp;on ilubr\u00e4nd, mis on loodud soovist tuua esile naiselikkus, loomulik ilu ja enesekindlus. Meie eesm\u00e4rk on pakkuda kvaliteetseid ilulahendusi, mis aitavad igal naisel tunda end [&hellip;]<\/p>","protected":false},"author":1,"featured_media":0,"parent":0,"menu_order":0,"comment_status":"closed","ping_status":"closed","template":"page-with-title","meta":{"_monsterinsights_skip_tracking":false,"_monsterinsights_sitenote_active":false,"_monsterinsights_sitenote_note":"","_monsterinsights_sitenote_category":0,"footnotes":""},"class_list":["post-40","page","type-page","status-publish","hentry"],"aioseo_notices":[],"jetpack_sharing_enabled":true,"_links":{"self":[{"href":"https:\/\/femininebeauty.eu\/en\/wp-json\/wp\/v2\/pages\/40","targetHints":{"allow":["GET"]}}],"collection":[{"href":"https:\/\/femininebeauty.eu\/en\/wp-json\/wp\/v2\/pages"}],"about":[{"href":"https:\/\/femininebeauty.eu\/en\/wp-json\/wp\/v2\/types\/page"}],"author":[{"embeddable":true,"href":"https:\/\/femininebeauty.eu\/en\/wp-json\/wp\/v2\/users\/1"}],"replies":[{"embeddable":true,"href":"https:\/\/femininebeauty.eu\/en\/wp-json\/wp\/v2\/comments?post=40"}],"version-history":[{"count":4,"href":"https:\/\/femininebeauty.eu\/en\/wp-json\/wp\/v2\/pages\/40\/revisions"}],"predecessor-version":[{"id":162,"href":"https:\/\/femininebeauty.eu\/en\/wp-json\/wp\/v2\/pages\/40\/revisions\/162"}],"wp:attachment":[{"href":"https:\/\/femininebeauty.eu\/en\/wp-json\/wp\/v2\/media?parent=40"}],"curies":[{"name":"wp","href":"https:\/\/api.w.org\/{rel}","templated":true}]}}