{"id":41,"date":"2026-01-02T08:02:01","date_gmt":"2026-01-02T08:02:01","guid":{"rendered":"https:\/\/femininebeauty.eu\/broneering\/"},"modified":"2026-01-02T11:39:47","modified_gmt":"2026-01-02T11:39:47","slug":"broneering","status":"publish","type":"page","link":"https:\/\/femininebeauty.eu\/en\/broneering\/","title":{"rendered":"Teenused"},"content":{"rendered":"<div class=\"wp-block-group alignfull is-style-ext-preset--group--natural-1--section has-background-background-color has-background has-global-padding is-layout-constrained wp-container-core-group-is-layout-ab56ae29 wp-block-group-is-layout-constrained\" id=\"broneeri-n\u00fc\u00fcd\" style=\"margin-top:0;margin-bottom:0;padding-top:var(--wp--preset--spacing--70);padding-bottom:var(--wp--preset--spacing--70)\">\n<div class=\"wp-block-group alignwide is-vertical is-content-justification-center is-layout-flex wp-container-core-group-is-layout-c9ee0c5a wp-block-group-is-layout-flex\">\n<div class=\"wp-block-group has-global-padding is-layout-constrained wp-container-core-group-is-layout-dd32767c wp-block-group-is-layout-constrained\">\n<h2 class=\"wp-block-heading has-text-align-center\">Eksklusiivsed iluteenused sinu unikaalseks iluks<\/h2>\n\n\n\n<p class=\"has-text-align-center\">Siit leiad lihtsad juhised, kuidas broneerida p\u00fcsimeigi v\u00f5i mini-t\u00e4toveeringu aja, et r\u00f5hutada oma loomulikku ilu ja tunda end enesekindlalt.<\/p>\n<\/div>\n<\/div>\n<\/div>\n\n\n\n<div class=\"wp-block-group alignfull is-style-ext-preset--group--natural-1--section has-tertiary-background-color has-background has-global-padding is-layout-constrained wp-container-core-group-is-layout-e955bbaf wp-block-group-is-layout-constrained\" id=\"tooted\" style=\"margin-top:0;margin-bottom:0;padding-top:var(--wp--preset--spacing--70);padding-bottom:var(--wp--preset--spacing--70)\">\n<div class=\"wp-block-columns alignwide is-layout-flex wp-container-core-columns-is-layout-f5a44f5b wp-block-columns-is-layout-flex\">\n<div class=\"wp-block-column is-layout-flow wp-block-column-is-layout-flow\" style=\"flex-basis:77%\">\n<div class=\"wp-block-group alignwide is-vertical is-content-justification-left is-layout-flex wp-container-core-group-is-layout-214d3d4d wp-block-group-is-layout-flex\">\n<div class=\"wp-block-group has-global-padding is-layout-constrained wp-container-core-group-is-layout-2287c683 wp-block-group-is-layout-constrained\">\n<h2 class=\"wp-block-heading has-text-align-left\">P\u00fcsiv ilu ja naiselikkus<\/h2>\n\n\n\n<p class=\"has-text-align-left\">Broneeri aeg meie p\u00fcsimeigi v\u00f5i mini-t\u00e4toveeringu teenusele ning avasta, kuidas r\u00f5hutada oma loomulikku ilu.<\/p>\n<\/div>\n<\/div>\n<\/div>\n\n\n\n<div class=\"wp-block-column is-layout-flow wp-block-column-is-layout-flow\">\n<div class=\"wp-block-buttons is-layout-flex wp-block-buttons-is-layout-flex\">\n<div class=\"wp-block-button is-style-ext-preset--button--natural-1--button-1 is-style-ext-preset--button--natural-1--button-1--3\"><a class=\"wp-block-button__link has-small-font-size has-text-align-center has-custom-font-size wp-element-button\" href=\"https:\/\/femininepmu.salon.life\/pmuly-ly\">Broneeri aeg kohe<\/a><\/div>\n<\/div>\n<\/div>\n<\/div>\n\n\n\n<div data-wp-context=\"{&quot;notices&quot;:[],&quot;hideNextPreviousButtons&quot;:false,&quot;isDisabledPrevious&quot;:true,&quot;isDisabledNext&quot;:false,&quot;ariaLabelPrevious&quot;:&quot;Previous products&quot;,&quot;ariaLabelNext&quot;:&quot;Next products&quot;}\" data-wp-init=\"callbacks.onRender\" data-wp-interactive=\"woocommerce\/product-collection\" data-wp-router-region=\"wc-product-collection-20\" data-__private-preview-state=\"{&quot;isPreview&quot;:false,&quot;previewMessage&quot;:&quot;Actual products will vary depending on the page being viewed.&quot;}\" data-block-name=\"woocommerce\/product-collection\" data-dimensions=\"{&quot;widthType&quot;:&quot;fill&quot;}\" data-display-layout=\"{&quot;type&quot;:&quot;flex&quot;,&quot;columns&quot;:3,&quot;shrinkColumns&quot;:true}\" data-query-context-includes=\"[&quot;collection&quot;]\" data-query-id=\"20\" data-query=\"{&quot;perPage&quot;:3,&quot;pages&quot;:0,&quot;offset&quot;:0,&quot;postType&quot;:&quot;product&quot;,&quot;order&quot;:&quot;asc&quot;,&quot;orderBy&quot;:&quot;title&quot;,&quot;search&quot;:&quot;&quot;,&quot;exclude&quot;:[],&quot;inherit&quot;:false,&quot;taxQuery&quot;:[],&quot;isProductCollectionBlock&quot;:true,&quot;featured&quot;:false,&quot;woocommerceOnSale&quot;:false,&quot;woocommerceStockStatus&quot;:[&quot;instock&quot;,&quot;outofstock&quot;,&quot;onbackorder&quot;],&quot;woocommerceAttributes&quot;:[],&quot;woocommerceHandPickedProducts&quot;:[],&quot;filterable&quot;:true,&quot;relatedBy&quot;:{&quot;categories&quot;:true,&quot;tags&quot;:true}}\" data-tag-name=\"div\" class=\"wp-block-woocommerce-product-collection alignwide is-layout-flow wp-block-woocommerce-product-collection-is-layout-flow\">\t\t<div data-wp-interactive=\"woocommerce\/store-notices\" class=\"wc-block-components-notices alignwide\">\n\t\t\t<template data-wp-each--notice=\"state.notices\" data-wp-each-key=\"context.notice.id\">\n\t\t\t\t<div\n\t\t\t\t\tclass=\"wc-block-components-notice-banner\"\n\t\t\t\t\tdata-wp-init=\"callbacks.scrollIntoView\"\n\t\t\t\t\tdata-wp-class--is-error=\"state.isError\"\n\t\t\t\t\tdata-wp-class--is-success =\"state.isSuccess\"\n\t\t\t\t\tdata-wp-class--is-info=\"state.isInfo\"\n\t\t\t\t\tdata-wp-class--is-dismissible=\"context.notice.dismissible\"\n\t\t\t\t\tdata-wp-bind--role=\"state.role\"\n\t\t\t\t>\n\t\t\t\t\t<svg xmlns=\"http:\/\/www.w3.org\/2000\/svg\" viewbox=\"0 0 24 24\" width=\"24\" height=\"24\" aria-hidden=\"true\" focusable=\"false\">\n\t\t\t\t\t\t<path data-wp-bind--d=\"state.iconPath\"><\/path>\n\t\t\t\t\t<\/svg>\n\t\t\t\t\t<div class=\"wc-block-components-notice-banner__content\">\n\t\t\t\t\t\t<span data-wp-init=\"callbacks.renderNoticeContent\" aria-live=\"assertive\" aria-atomic=\"true\"><\/span>\n\t\t\t\t\t<\/div>\n\t\t\t\t\t<button\n\t\t\t\t\t\tdata-wp-bind--hidden=\"!context.notice.dismissible\"\n\t\t\t\t\t\tclass=\"wc-block-components-button wp-element-button wc-block-components-notice-banner__dismiss contained\"\n\t\t\t\t\t\taria-label=\"Dismiss this notice\"\n\t\t\t\t\t\tdata-wp-on--click=\"actions.removeNotice\" data-no-translation-aria-label=\"\"\n\t\t\t\t\t>\n\t\t\t\t\t\t<svg xmlns=\"http:\/\/www.w3.org\/2000\/svg\" viewbox=\"0 0 24 24\">\n\t\t\t\t\t\t\t<path d=\"M13 11.8l6.1-6.3-1-1-6.1 6.2-6.1-6.2-1 1 6.1 6.3-6.5 6.7 1 1 6.5-6.6 6.5 6.6 1-1z\" \/>\n\t\t\t\t\t\t<\/svg>\n\t\t\t\t\t<\/button>\n\t\t\t\t<\/div>\n\t\t\t<\/template>\n\t\t<\/div>\n\t\t\n\n<ul data-block-name=\"woocommerce\/product-template\" class=\"wc-block-product-template__responsive columns-3 wc-block-product-template wp-block-woocommerce-product-template is-layout-flow wp-block-woocommerce-product-template-is-layout-flow\" data-wp-on--scroll=\"actions.watchScroll\" data-wp-init=\"callbacks.initResizeObserver\"><li class=\"wc-block-product post-56 product type-product status-publish product_cat-ilutooted first instock shipping-taxable purchasable product-type-simple\"\n\t\t\t\t\t\n\t\t\t\tdata-wp-interactive=\"woocommerce\/product-collection\"\n\t\t\t\tdata-wp-context='{\"productId\":56}'\n\t\t\t\tdata-wp-key=\"product-item-56\"\n\t\t\t\n\t\t\t\t>\n\t\t\t\t\t\n\t\t\t\t<\/li><li class=\"wc-block-product post-50 product type-product status-publish product_cat-pusimeigi-tarvikud  instock shipping-taxable purchasable product-type-simple\"\n\t\t\t\t\t\n\t\t\t\tdata-wp-interactive=\"woocommerce\/product-collection\"\n\t\t\t\tdata-wp-context='{\"productId\":50}'\n\t\t\t\tdata-wp-key=\"product-item-50\"\n\t\t\t\n\t\t\t\t>\n\t\t\t\t\t\n\t\t\t\t<\/li><li class=\"wc-block-product post-49 product type-product status-publish product_cat-ilutooted  instock shipping-taxable purchasable product-type-simple\"\n\t\t\t\t\t\n\t\t\t\tdata-wp-interactive=\"woocommerce\/product-collection\"\n\t\t\t\tdata-wp-context='{\"productId\":49}'\n\t\t\t\tdata-wp-key=\"product-item-49\"\n\t\t\t\n\t\t\t\t>\n\t\t\t\t\t\n\t\t\t\t<\/li><\/ul><\/div>\n<\/div>\n\n\n\n<div class=\"wp-block-group alignfull is-style-ext-preset--group--natural-1--section has-background-background-color has-background has-global-padding is-layout-constrained wp-container-core-group-is-layout-e955bbaf wp-block-group-is-layout-constrained\" id=\"teenused\" style=\"margin-top:0;margin-bottom:0;padding-top:var(--wp--preset--spacing--70);padding-bottom:var(--wp--preset--spacing--70)\">\n<div class=\"wp-block-group alignwide is-vertical is-layout-flex wp-container-core-group-is-layout-c35747d5 wp-block-group-is-layout-flex\">\n<div class=\"wp-block-group has-global-padding is-layout-constrained wp-container-core-group-is-layout-5e05634a wp-block-group-is-layout-constrained\">\n<h2 class=\"wp-block-heading\">Iluteenused, mis toovad esile teie loomuliku ilu<\/h2>\n\n\n\n<p class=\"has-text-align-left\">Avastage meie p\u00fcsimeigi ja mini-t\u00e4toveeringute mitmek\u00fclgne valik, mis r\u00f5hutab kvaliteeti ja klientide rahulolu.<\/p>\n<\/div>\n<\/div>\n\n\n\n<div class=\"wp-block-columns alignwide is-layout-flex wp-container-core-columns-is-layout-08c01c1c wp-block-columns-is-layout-flex\">\n<div class=\"wp-block-column is-layout-flow wp-block-column-is-layout-flow\">\n<div class=\"wp-block-group is-style-ext-preset--group--natural-1--item-card-1--align-start has-global-padding is-layout-constrained wp-block-group-is-layout-constrained is-style-ext-preset--group--natural-1--item-card-1--align-start--5\">\n<figure class=\"wp-block-image size-large\"><img loading=\"lazy\" decoding=\"async\" width=\"819\" height=\"1024\" src=\"https:\/\/femininebeauty.eu\/wp-content\/uploads\/2026\/01\/IMG_7778-819x1024.jpeg\" alt=\"\" class=\"wp-image-78\" style=\"aspect-ratio:4\/3;object-fit:cover\" srcset=\"https:\/\/femininebeauty.eu\/wp-content\/uploads\/2026\/01\/IMG_7778-819x1024.jpeg 819w, https:\/\/femininebeauty.eu\/wp-content\/uploads\/2026\/01\/IMG_7778-240x300.jpeg 240w, https:\/\/femininebeauty.eu\/wp-content\/uploads\/2026\/01\/IMG_7778-768x960.jpeg 768w, https:\/\/femininebeauty.eu\/wp-content\/uploads\/2026\/01\/IMG_7778-10x12.jpeg 10w, https:\/\/femininebeauty.eu\/wp-content\/uploads\/2026\/01\/IMG_7778-600x750.jpeg 600w, https:\/\/femininebeauty.eu\/wp-content\/uploads\/2026\/01\/IMG_7778.jpeg 1200w\" sizes=\"auto, (max-width: 819px) 100vw, 819px\" \/><\/figure>\n\n\n\n<div class=\"wp-block-group is-style-default has-global-padding is-layout-constrained wp-block-group-is-layout-constrained\">\n<h3 class=\"wp-block-heading\">P\u00fcsimeigi teenus<\/h3>\n\n\n\n<p>T\u00e4iuslik lahendus teie n\u00e4ojoonte r\u00f5hutamiseks ja pikaajaliseks kauniks tulemuseks.<\/p>\n<\/div>\n<\/div>\n<\/div>\n\n\n\n<div class=\"wp-block-column is-layout-flow wp-block-column-is-layout-flow\">\n<div class=\"wp-block-group is-style-ext-preset--group--natural-1--item-card-1--align-start has-global-padding is-layout-constrained wp-block-group-is-layout-constrained is-style-ext-preset--group--natural-1--item-card-1--align-start--6\">\n<figure class=\"wp-block-image size-large\"><img loading=\"lazy\" decoding=\"async\" width=\"819\" height=\"1024\" src=\"https:\/\/femininebeauty.eu\/wp-content\/uploads\/2026\/01\/IMG_7789-819x1024.jpeg\" alt=\"\" class=\"wp-image-79\" style=\"aspect-ratio:4\/3;object-fit:cover\" srcset=\"https:\/\/femininebeauty.eu\/wp-content\/uploads\/2026\/01\/IMG_7789-819x1024.jpeg 819w, https:\/\/femininebeauty.eu\/wp-content\/uploads\/2026\/01\/IMG_7789-240x300.jpeg 240w, https:\/\/femininebeauty.eu\/wp-content\/uploads\/2026\/01\/IMG_7789-768x960.jpeg 768w, https:\/\/femininebeauty.eu\/wp-content\/uploads\/2026\/01\/IMG_7789-10x12.jpeg 10w, https:\/\/femininebeauty.eu\/wp-content\/uploads\/2026\/01\/IMG_7789-600x750.jpeg 600w, https:\/\/femininebeauty.eu\/wp-content\/uploads\/2026\/01\/IMG_7789.jpeg 1199w\" sizes=\"auto, (max-width: 819px) 100vw, 819px\" \/><\/figure>\n\n\n\n<div class=\"wp-block-group is-style-default has-global-padding is-layout-constrained wp-block-group-is-layout-constrained\">\n<h3 class=\"wp-block-heading\">Mini-t\u00e4toveeringud<\/h3>\n\n\n\n<p>Loovad ja isikup\u00e4rased t\u00e4toveeringud, mis v\u00e4ljendavad teie unikaalset stiili.<\/p>\n<\/div>\n<\/div>\n<\/div>\n\n\n\n<div class=\"wp-block-column is-layout-flow wp-block-column-is-layout-flow\">\n<div class=\"wp-block-group is-style-ext-preset--group--natural-1--item-card-1--align-start has-global-padding is-layout-constrained wp-block-group-is-layout-constrained is-style-ext-preset--group--natural-1--item-card-1--align-start--7\">\n<figure class=\"wp-block-image size-large\"><img loading=\"lazy\" decoding=\"async\" width=\"824\" height=\"1024\" src=\"https:\/\/femininebeauty.eu\/wp-content\/uploads\/2026\/01\/IMG_7786-824x1024.jpeg\" alt=\"\" class=\"wp-image-81\" style=\"aspect-ratio:4\/3;object-fit:cover\" srcset=\"https:\/\/femininebeauty.eu\/wp-content\/uploads\/2026\/01\/IMG_7786-824x1024.jpeg 824w, https:\/\/femininebeauty.eu\/wp-content\/uploads\/2026\/01\/IMG_7786-241x300.jpeg 241w, https:\/\/femininebeauty.eu\/wp-content\/uploads\/2026\/01\/IMG_7786-768x954.jpeg 768w, https:\/\/femininebeauty.eu\/wp-content\/uploads\/2026\/01\/IMG_7786-10x12.jpeg 10w, https:\/\/femininebeauty.eu\/wp-content\/uploads\/2026\/01\/IMG_7786-600x746.jpeg 600w, https:\/\/femininebeauty.eu\/wp-content\/uploads\/2026\/01\/IMG_7786.jpeg 1200w\" sizes=\"auto, (max-width: 824px) 100vw, 824px\" \/><\/figure>\n\n\n\n<div class=\"wp-block-group is-style-default has-global-padding is-layout-constrained wp-block-group-is-layout-constrained\">\n<h3 class=\"wp-block-heading\">Ilutoodete n\u00f5ustamine<\/h3>\n\n\n\n<p>Kvaliteetsete toodete valik ja professionaalne n\u00f5ustamine teie ilu s\u00e4ilitamiseks.<\/p>\n<\/div>\n<\/div>\n<\/div>\n<\/div>\n<\/div>","protected":false},"excerpt":{"rendered":"<p>Eksklusiivsed iluteenused sinu unikaalseks iluks Siit leiad lihtsad juhised, kuidas broneerida p\u00fcsimeigi v\u00f5i mini-t\u00e4toveeringu aja, et r\u00f5hutada oma loomulikku ilu ja tunda end enesekindlalt. P\u00fcsiv ilu ja naiselikkus Broneeri aeg meie p\u00fcsimeigi v\u00f5i mini-t\u00e4toveeringu teenusele ning avasta, kuidas r\u00f5hutada oma loomulikku ilu. Iluteenused, mis toovad esile teie loomuliku ilu Avastage meie p\u00fcsimeigi ja mini-t\u00e4toveeringute mitmek\u00fclgne [&hellip;]<\/p>","protected":false},"author":1,"featured_media":0,"parent":0,"menu_order":0,"comment_status":"closed","ping_status":"closed","template":"page-with-title","meta":{"_monsterinsights_skip_tracking":false,"_monsterinsights_sitenote_active":false,"_monsterinsights_sitenote_note":"","_monsterinsights_sitenote_category":0,"footnotes":""},"class_list":["post-41","page","type-page","status-publish","hentry"],"aioseo_notices":[],"jetpack_sharing_enabled":true,"_links":{"self":[{"href":"https:\/\/femininebeauty.eu\/en\/wp-json\/wp\/v2\/pages\/41","targetHints":{"allow":["GET"]}}],"collection":[{"href":"https:\/\/femininebeauty.eu\/en\/wp-json\/wp\/v2\/pages"}],"about":[{"href":"https:\/\/femininebeauty.eu\/en\/wp-json\/wp\/v2\/types\/page"}],"author":[{"embeddable":true,"href":"https:\/\/femininebeauty.eu\/en\/wp-json\/wp\/v2\/users\/1"}],"replies":[{"embeddable":true,"href":"https:\/\/femininebeauty.eu\/en\/wp-json\/wp\/v2\/comments?post=41"}],"version-history":[{"count":5,"href":"https:\/\/femininebeauty.eu\/en\/wp-json\/wp\/v2\/pages\/41\/revisions"}],"predecessor-version":[{"id":101,"href":"https:\/\/femininebeauty.eu\/en\/wp-json\/wp\/v2\/pages\/41\/revisions\/101"}],"wp:attachment":[{"href":"https:\/\/femininebeauty.eu\/en\/wp-json\/wp\/v2\/media?parent=41"}],"curies":[{"name":"wp","href":"https:\/\/api.w.org\/{rel}","templated":true}]}}